{"id":1514,"date":"2023-12-11T13:59:38","date_gmt":"2023-12-11T12:59:38","guid":{"rendered":"https:\/\/www.bastidedesbourguets.com\/contact\/"},"modified":"2024-01-06T16:01:39","modified_gmt":"2024-01-06T15:01:39","slug":"contact","status":"publish","type":"page","link":"https:\/\/www.bastidedesbourguets.com\/en\/contact\/","title":{"rendered":"Contact"},"content":{"rendered":"<p>[et_pb_section fb_built=&#8221;1&#8243; fullwidth=&#8221;on&#8221; _builder_version=&#8221;4.23.4&#8243; _module_preset=&#8221;default&#8221; hover_enabled=&#8221;0&#8243; global_colors_info=&#8221;{}&#8221; sticky_enabled=&#8221;0&#8243;][et_pb_fullwidth_header text_orientation=&#8221;center&#8221; _builder_version=&#8221;4.23.4&#8243; _module_preset=&#8221;default&#8221; title_text_align=&#8221;center&#8221; title_line_height=&#8221;1.4em&#8221; background_image=&#8221;https:\/\/www.bastidedesbourguets.com\/wp-content\/uploads\/2023\/12\/domaine-bastide-gourbets-chambre-hotes-luberon.jpg&#8221; custom_padding=&#8221;||||true|false&#8221; hover_enabled=&#8221;0&#8243; global_colors_info=&#8221;{}&#8221; sticky_enabled=&#8221;0&#8243;]<\/p>\n<h1 style=\"text-align: center;\">Contact the guest room<br \/>La bastide des Gourbets<\/h1>\n<p>[\/et_pb_fullwidth_header][\/et_pb_section][et_pb_section fb_built=&#8221;1&#8243; _builder_version=&#8221;4.23.1&#8243; _module_preset=&#8221;default&#8221; global_colors_info=&#8221;{}&#8221;][et_pb_row column_structure=&#8221;1_2,1_2&#8243; _builder_version=&#8221;4.23.1&#8243; _module_preset=&#8221;default&#8221; global_colors_info=&#8221;{}&#8221;][et_pb_column type=&#8221;1_2&#8243; _builder_version=&#8221;4.23.1&#8243; _module_preset=&#8221;default&#8221; global_colors_info=&#8221;{}&#8221;][et_pb_contact_form email=&#8221;www.bastidedesbourguets.com&#8221; custom_message=&#8221;De : %%Firstname%% %%Name%%||et_pb_line_break_holder||T\u00e9l\u00e9phone : %%T\u00e9l\u00e9phone%%||et_pb_line_break_holder||E-mail : %%Email%%||et_pb_line_break_holder||- &#8211; &#8211; &#8211; &#8211; &#8211; &#8211; &#8211; &#8211; &#8211; &#8211; &#8211; &#8211; &#8211; &#8211; &#8211; &#8211; &#8211; &#8211; &#8211; &#8211; &#8211; &#8211; &#8211; &#8211; &#8211; &#8211; &#8211; &#8211; &#8211; &#8211; -||et_pb_line_break_holder||Message : ||et_pb_line_break_holder||%%Message%%&#8221; _builder_version=&#8221;4.23.1&#8243; _module_preset=&#8221;default&#8221; _unique_id=&#8221;4a1ea1cc-364b-4c1f-a7fd-2d9ec002e7a3&#8243; custom_button=&#8221;on&#8221; button_bg_color=&#8221;#c3ad48&#8243; button_border_width=&#8221;3px&#8221; button_border_color=&#8221;#c3ad48&#8243; button_font=&#8221;|600|||||||&#8221; button_use_icon=&#8221;off&#8221; global_colors_info=&#8221;{}&#8221; button_text_color__hover_enabled=&#8221;on|hover&#8221; button_text_color__hover=&#8221;#c3ad48&#8243; button_bg_color__hover_enabled=&#8221;on|desktop&#8221; button_bg_color__hover=&#8221;#FFFFFF&#8221; button_bg_enable_color__hover=&#8221;on&#8221;][et_pb_contact_field field_id=&#8221;Name&#8221; field_title=&#8221;Name&#8221; _builder_version=&#8221;4.16&#8243; global_colors_info=&#8221;{}&#8221; button_text_size__hover_enabled=&#8221;off&#8221; button_one_text_size__hover_enabled=&#8221;off&#8221; button_two_text_size__hover_enabled=&#8221;off&#8221; button_text_color__hover_enabled=&#8221;off&#8221; button_one_text_color__hover_enabled=&#8221;off&#8221; button_two_text_color__hover_enabled=&#8221;off&#8221; button_border_width__hover_enabled=&#8221;off&#8221; button_one_border_width__hover_enabled=&#8221;off&#8221; button_two_border_width__hover_enabled=&#8221;off&#8221; button_border_color__hover_enabled=&#8221;off&#8221; button_one_border_color__hover_enabled=&#8221;off&#8221; button_two_border_color__hover_enabled=&#8221;off&#8221; button_border_radius__hover_enabled=&#8221;off&#8221; button_one_border_radius__hover_enabled=&#8221;off&#8221; button_two_border_radius__hover_enabled=&#8221;off&#8221; button_letter_spacing__hover_enabled=&#8221;off&#8221; button_one_letter_spacing__hover_enabled=&#8221;off&#8221; button_two_letter_spacing__hover_enabled=&#8221;off&#8221; button_bg_color__hover_enabled=&#8221;off&#8221; button_one_bg_color__hover_enabled=&#8221;off&#8221; button_two_bg_color__hover_enabled=&#8221;off&#8221;][\/et_pb_contact_field][et_pb_contact_field field_id=&#8221;Firstname&#8221; field_title=&#8221;First name&#8221; _builder_version=&#8221;4.23.1&#8243; global_colors_info=&#8221;{}&#8221; button_text_size__hover_enabled=&#8221;off&#8221; button_one_text_size__hover_enabled=&#8221;off&#8221; button_two_text_size__hover_enabled=&#8221;off&#8221; button_text_color__hover_enabled=&#8221;off&#8221; button_one_text_color__hover_enabled=&#8221;off&#8221; button_two_text_color__hover_enabled=&#8221;off&#8221; button_border_width__hover_enabled=&#8221;off&#8221; button_one_border_width__hover_enabled=&#8221;off&#8221; button_two_border_width__hover_enabled=&#8221;off&#8221; button_border_color__hover_enabled=&#8221;off&#8221; button_one_border_color__hover_enabled=&#8221;off&#8221; button_two_border_color__hover_enabled=&#8221;off&#8221; button_border_radius__hover_enabled=&#8221;off&#8221; button_one_border_radius__hover_enabled=&#8221;off&#8221; button_two_border_radius__hover_enabled=&#8221;off&#8221; button_letter_spacing__hover_enabled=&#8221;off&#8221; button_one_letter_spacing__hover_enabled=&#8221;off&#8221; button_two_letter_spacing__hover_enabled=&#8221;off&#8221; button_bg_color__hover_enabled=&#8221;off&#8221; button_one_bg_color__hover_enabled=&#8221;off&#8221; button_two_bg_color__hover_enabled=&#8221;off&#8221;][\/et_pb_contact_field][et_pb_contact_field field_id=&#8221;Telephone&#8221; field_title=&#8221;Phone&#8221; _builder_version=&#8221;4.23.1&#8243; global_colors_info=&#8221;{}&#8221; button_text_size__hover_enabled=&#8221;off&#8221; button_one_text_size__hover_enabled=&#8221;off&#8221; button_two_text_size__hover_enabled=&#8221;off&#8221; button_text_color__hover_enabled=&#8221;off&#8221; button_one_text_color__hover_enabled=&#8221;off&#8221; button_two_text_color__hover_enabled=&#8221;off&#8221; button_border_width__hover_enabled=&#8221;off&#8221; button_one_border_width__hover_enabled=&#8221;off&#8221; button_two_border_width__hover_enabled=&#8221;off&#8221; button_border_color__hover_enabled=&#8221;off&#8221; button_one_border_color__hover_enabled=&#8221;off&#8221; button_two_border_color__hover_enabled=&#8221;off&#8221; button_border_radius__hover_enabled=&#8221;off&#8221; button_one_border_radius__hover_enabled=&#8221;off&#8221; button_two_border_radius__hover_enabled=&#8221;off&#8221; button_letter_spacing__hover_enabled=&#8221;off&#8221; button_one_letter_spacing__hover_enabled=&#8221;off&#8221; button_two_letter_spacing__hover_enabled=&#8221;off&#8221; button_bg_color__hover_enabled=&#8221;off&#8221; button_one_bg_color__hover_enabled=&#8221;off&#8221; button_two_bg_color__hover_enabled=&#8221;off&#8221;][\/et_pb_contact_field][et_pb_contact_field field_id=&#8221;Email&#8221; field_title=&#8221;Email address&#8221; field_type=&#8221;email&#8221; _builder_version=&#8221;4.16&#8243; global_colors_info=&#8221;{}&#8221; button_text_size__hover_enabled=&#8221;off&#8221; button_one_text_size__hover_enabled=&#8221;off&#8221; button_two_text_size__hover_enabled=&#8221;off&#8221; button_text_color__hover_enabled=&#8221;off&#8221; button_one_text_color__hover_enabled=&#8221;off&#8221; button_two_text_color__hover_enabled=&#8221;off&#8221; button_border_width__hover_enabled=&#8221;off&#8221; button_one_border_width__hover_enabled=&#8221;off&#8221; button_two_border_width__hover_enabled=&#8221;off&#8221; button_border_color__hover_enabled=&#8221;off&#8221; button_one_border_color__hover_enabled=&#8221;off&#8221; button_two_border_color__hover_enabled=&#8221;off&#8221; button_border_radius__hover_enabled=&#8221;off&#8221; button_one_border_radius__hover_enabled=&#8221;off&#8221; button_two_border_radius__hover_enabled=&#8221;off&#8221; button_letter_spacing__hover_enabled=&#8221;off&#8221; button_one_letter_spacing__hover_enabled=&#8221;off&#8221; button_two_letter_spacing__hover_enabled=&#8221;off&#8221; button_bg_color__hover_enabled=&#8221;off&#8221; button_one_bg_color__hover_enabled=&#8221;off&#8221; button_two_bg_color__hover_enabled=&#8221;off&#8221;][\/et_pb_contact_field][et_pb_contact_field field_id=&#8221;Message&#8221; field_title=&#8221;Message&#8221; field_type=&#8221;text&#8221; fullwidth_field=&#8221;on&#8221; _builder_version=&#8221;4.23.1&#8243; global_colors_info=&#8221;{}&#8221; button_text_size__hover_enabled=&#8221;off&#8221; button_one_text_size__hover_enabled=&#8221;off&#8221; button_two_text_size__hover_enabled=&#8221;off&#8221; button_text_color__hover_enabled=&#8221;off&#8221; button_one_text_color__hover_enabled=&#8221;off&#8221; button_two_text_color__hover_enabled=&#8221;off&#8221; button_border_width__hover_enabled=&#8221;off&#8221; button_one_border_width__hover_enabled=&#8221;off&#8221; button_two_border_width__hover_enabled=&#8221;off&#8221; button_border_color__hover_enabled=&#8221;off&#8221; button_one_border_color__hover_enabled=&#8221;off&#8221; button_two_border_color__hover_enabled=&#8221;off&#8221; button_border_radius__hover_enabled=&#8221;off&#8221; button_one_border_radius__hover_enabled=&#8221;off&#8221; button_two_border_radius__hover_enabled=&#8221;off&#8221; button_letter_spacing__hover_enabled=&#8221;off&#8221; button_one_letter_spacing__hover_enabled=&#8221;off&#8221; button_two_letter_spacing__hover_enabled=&#8221;off&#8221; button_bg_color__hover_enabled=&#8221;off&#8221; button_one_bg_color__hover_enabled=&#8221;off&#8221; button_two_bg_color__hover_enabled=&#8221;off&#8221;][\/et_pb_contact_field][\/et_pb_contact_form][\/et_pb_column][et_pb_column type=&#8221;1_2&#8243; _builder_version=&#8221;4.23.1&#8243; _module_preset=&#8221;default&#8221; global_colors_info=&#8221;{}&#8221;][et_pb_text _builder_version=&#8221;4.23.1&#8243; _module_preset=&#8221;default&#8221; global_colors_info=&#8221;{}&#8221;]<\/p>\n<p>Phasellus eu gravida tellus, at tempus odio. Nam eleifend, purus ut blandit lobortis, nisl ante rhoncus massa, sit amet posuere risus nisl id justo. Aliquam erat volutpat. Ut erat magna, maximus nec turpis vitae, commodo dapibus nulla. Fusce aliquam ligula risus, vel dictum neque scelerisque a. Suspendisse erat velit, maximus at ex vitae, consectetur tempor odio. Maecenas eget maximus quam, sed faucibus urna. Sed ultricies ipsum augue. Curabitur sed dictum elit. Praesent non sapien a nisl placerat iaculis a a justo.<\/p>\n<p>[\/et_pb_text][et_pb_blurb url_new_window=&#8221;on&#8221; use_icon=&#8221;on&#8221; font_icon=&#8221;&#xf3c5;||fa||900&#8243; icon_color=&#8221;#7c7c7c&#8221; icon_placement=&#8221;left&#8221; image_icon_width=&#8221;20px&#8221; _builder_version=&#8221;4.23.1&#8243; _module_preset=&#8221;default&#8221; image_icon_custom_margin=&#8221;|0px||0px|false|true&#8221; image_icon_custom_padding=&#8221;|0px||0px|false|true&#8221; custom_margin=&#8221;0.75em||0.75em||true|false&#8221; locked=&#8221;off&#8221; global_colors_info=&#8221;{}&#8221;]<a target=\"_blank\" href=\"https:\/\/www.google.com\/maps\/place\/La+Bastide+des+Bourguets+:+Bed+and+Breakfast+de+Prestige+proche+du+Mont+Ventoux,+Lub%C3%A9ron+Vaucluse+(Provence)\/@44.0759261,5.3380783,11.27z\/data=!4m9!3m8!1s0x12ca69cb537ac393:0x314b152e8b6d08bb!5m2!4m1!1i2!8m2!3d44.083169!4d5.378057!16s%2Fg%2F1tgfs68l?entry=ttu\" rel=\"noopener\">Les Bourguets 84390 Sault, France<\/a>[\/et_pb_blurb][et_pb_blurb use_icon=&#8221;on&#8221; font_icon=&#8221;&#xf879;||fa||900&#8243; icon_color=&#8221;#7c7c7c&#8221; icon_placement=&#8221;left&#8221; image_icon_width=&#8221;20px&#8221; _builder_version=&#8221;4.23.1&#8243; _module_preset=&#8221;default&#8221; image_icon_custom_margin=&#8221;|0px||0px|false|true&#8221; image_icon_custom_padding=&#8221;|0px||0px|false|true&#8221; custom_margin=&#8221;0.75em||0.75em||true|false&#8221; locked=&#8221;off&#8221; global_colors_info=&#8221;{}&#8221;]<\/p>\n<p><a href=\"tel:0490641190\">04.90.64.11.90<\/a><\/p>\n<p>[\/et_pb_blurb][et_pb_blurb use_icon=&#8221;on&#8221; font_icon=&#8221;&#xf073;||fa||900&#8243; icon_color=&#8221;#7c7c7c&#8221; icon_placement=&#8221;left&#8221; image_icon_width=&#8221;20px&#8221; _builder_version=&#8221;4.23.1&#8243; _module_preset=&#8221;default&#8221; image_icon_custom_margin=&#8221;|0px||0px|false|true&#8221; image_icon_custom_padding=&#8221;|0px||0px|false|true&#8221; custom_margin=&#8221;0.75em||0.75em||true|false&#8221; locked=&#8221;off&#8221; global_colors_info=&#8221;{}&#8221;]<\/p>\n<p>Our domain will be open from 2024\/04\/12 to 2024\/10\/19<\/p>\n<p>[\/et_pb_blurb][\/et_pb_column][\/et_pb_row][\/et_pb_section]<\/p>\n","protected":false},"excerpt":{"rendered":"<p>Contact the guest roomLa bastide des GourbetsPhasellus eu gravida tellus, at tempus odio. Nam eleifend, purus ut blandit lobortis, nisl ante rhoncus massa, sit amet posuere risus nisl id justo. Aliquam erat volutpat. Ut erat magna, maximus nec turpis vitae, commodo dapibus nulla. Fusce aliquam ligula risus, vel dictum neque scelerisque a. Suspendisse erat velit, [&hellip;]<\/p>\n","protected":false},"author":1,"featured_media":0,"parent":0,"menu_order":0,"comment_status":"closed","ping_status":"closed","template":"","meta":{"_et_pb_use_builder":"on","_et_pb_old_content":"","_et_gb_content_width":"","inline_featured_image":false,"footnotes":""},"class_list":["post-1514","page","type-page","status-publish","hentry"],"yoast_head":"<!-- This site is optimized with the Yoast SEO plugin v27.5 - https:\/\/yoast.com\/product\/yoast-seo-wordpress\/ -->\n<title>Contact | Chambre d&#039;h\u00f4tes Bastide des Bourguets<\/title>\n<meta name=\"robots\" content=\"index, follow, max-snippet:-1, max-image-preview:large, max-video-preview:-1\" \/>\n<link rel=\"canonical\" href=\"https:\/\/www.bastidedesbourguets.com\/en\/contact\/\" \/>\n<meta property=\"og:locale\" content=\"en_US\" \/>\n<meta property=\"og:type\" content=\"article\" \/>\n<meta property=\"og:title\" content=\"Contact | Chambre d&#039;h\u00f4tes Bastide des Bourguets\" \/>\n<meta property=\"og:description\" content=\"Contact the guest roomLa bastide des GourbetsPhasellus eu gravida tellus, at tempus odio. Nam eleifend, purus ut blandit lobortis, nisl ante rhoncus massa, sit amet posuere risus nisl id justo. Aliquam erat volutpat. Ut erat magna, maximus nec turpis vitae, commodo dapibus nulla. Fusce aliquam ligula risus, vel dictum neque scelerisque a. Suspendisse erat velit, [&hellip;]\" \/>\n<meta property=\"og:url\" content=\"https:\/\/www.bastidedesbourguets.com\/en\/contact\/\" \/>\n<meta property=\"og:site_name\" content=\"Chambre d&#039;h\u00f4tes Bastide des Bourguets\" \/>\n<meta property=\"article:publisher\" content=\"https:\/\/www.facebook.com\/bastidedesbourguets\" \/>\n<meta property=\"article:modified_time\" content=\"2024-01-06T15:01:39+00:00\" \/>\n<meta property=\"og:image\" content=\"https:\/\/www.bastidedesbourguets.com\/wp-content\/uploads\/2023\/12\/bastide-gourbets-vue-aerienne.jpg\" \/>\n\t<meta property=\"og:image:width\" content=\"1200\" \/>\n\t<meta property=\"og:image:height\" content=\"675\" \/>\n\t<meta property=\"og:image:type\" content=\"image\/jpeg\" \/>\n<meta name=\"twitter:card\" content=\"summary_large_image\" \/>\n<meta name=\"twitter:label1\" content=\"Est. reading time\" \/>\n\t<meta name=\"twitter:data1\" content=\"7 minutes\" \/>\n<script type=\"application\/ld+json\" class=\"yoast-schema-graph\">{\"@context\":\"https:\\\/\\\/schema.org\",\"@graph\":[{\"@type\":\"WebPage\",\"@id\":\"https:\\\/\\\/www.bastidedesbourguets.com\\\/en\\\/contact\\\/\",\"url\":\"https:\\\/\\\/www.bastidedesbourguets.com\\\/en\\\/contact\\\/\",\"name\":\"Contact | Chambre d&#039;h\u00f4tes Bastide des Bourguets\",\"isPartOf\":{\"@id\":\"https:\\\/\\\/www.bastidedesbourguets.com\\\/en\\\/#website\"},\"datePublished\":\"2023-12-11T12:59:38+00:00\",\"dateModified\":\"2024-01-06T15:01:39+00:00\",\"breadcrumb\":{\"@id\":\"https:\\\/\\\/www.bastidedesbourguets.com\\\/en\\\/contact\\\/#breadcrumb\"},\"inLanguage\":\"en-US\",\"potentialAction\":[{\"@type\":\"ReadAction\",\"target\":[\"https:\\\/\\\/www.bastidedesbourguets.com\\\/en\\\/contact\\\/\"]}]},{\"@type\":\"BreadcrumbList\",\"@id\":\"https:\\\/\\\/www.bastidedesbourguets.com\\\/en\\\/contact\\\/#breadcrumb\",\"itemListElement\":[{\"@type\":\"ListItem\",\"position\":1,\"name\":\"Accueil\",\"item\":\"https:\\\/\\\/www.bastidedesbourguets.com\\\/en\\\/\"},{\"@type\":\"ListItem\",\"position\":2,\"name\":\"Contact\"}]},{\"@type\":\"WebSite\",\"@id\":\"https:\\\/\\\/www.bastidedesbourguets.com\\\/en\\\/#website\",\"url\":\"https:\\\/\\\/www.bastidedesbourguets.com\\\/en\\\/\",\"name\":\"Chambre d'h\u00f4tes Bastide des Bourguets\",\"description\":\"Chambre d&#039;h\u00f4tes entre Luberon et Mont-Ventoux\",\"publisher\":{\"@id\":\"https:\\\/\\\/www.bastidedesbourguets.com\\\/en\\\/#organization\"},\"alternateName\":\"Bastide des Bourguets\",\"potentialAction\":[{\"@type\":\"SearchAction\",\"target\":{\"@type\":\"EntryPoint\",\"urlTemplate\":\"https:\\\/\\\/www.bastidedesbourguets.com\\\/en\\\/?s={search_term_string}\"},\"query-input\":{\"@type\":\"PropertyValueSpecification\",\"valueRequired\":true,\"valueName\":\"search_term_string\"}}],\"inLanguage\":\"en-US\"},{\"@type\":\"Organization\",\"@id\":\"https:\\\/\\\/www.bastidedesbourguets.com\\\/en\\\/#organization\",\"name\":\"Bastide des Bourguets\",\"url\":\"https:\\\/\\\/www.bastidedesbourguets.com\\\/en\\\/\",\"logo\":{\"@type\":\"ImageObject\",\"inLanguage\":\"en-US\",\"@id\":\"https:\\\/\\\/www.bastidedesbourguets.com\\\/en\\\/#\\\/schema\\\/logo\\\/image\\\/\",\"url\":\"https:\\\/\\\/www.bastidedesbourguets.com\\\/wp-content\\\/uploads\\\/2023\\\/12\\\/logo-gris-bastide-des-bourgets.png\",\"contentUrl\":\"https:\\\/\\\/www.bastidedesbourguets.com\\\/wp-content\\\/uploads\\\/2023\\\/12\\\/logo-gris-bastide-des-bourgets.png\",\"width\":793,\"height\":252,\"caption\":\"Bastide des Bourguets\"},\"image\":{\"@id\":\"https:\\\/\\\/www.bastidedesbourguets.com\\\/en\\\/#\\\/schema\\\/logo\\\/image\\\/\"},\"sameAs\":[\"https:\\\/\\\/www.facebook.com\\\/bastidedesbourguets\",\"https:\\\/\\\/www.instagram.com\\\/bastidedesbourguets\\\/?hl=fr\"]}]}<\/script>\n<!-- \/ Yoast SEO plugin. -->","yoast_head_json":{"title":"Contact | Chambre d&#039;h\u00f4tes Bastide des Bourguets","robots":{"index":"index","follow":"follow","max-snippet":"max-snippet:-1","max-image-preview":"max-image-preview:large","max-video-preview":"max-video-preview:-1"},"canonical":"https:\/\/www.bastidedesbourguets.com\/en\/contact\/","og_locale":"en_US","og_type":"article","og_title":"Contact | Chambre d&#039;h\u00f4tes Bastide des Bourguets","og_description":"Contact the guest roomLa bastide des GourbetsPhasellus eu gravida tellus, at tempus odio. Nam eleifend, purus ut blandit lobortis, nisl ante rhoncus massa, sit amet posuere risus nisl id justo. Aliquam erat volutpat. Ut erat magna, maximus nec turpis vitae, commodo dapibus nulla. Fusce aliquam ligula risus, vel dictum neque scelerisque a. Suspendisse erat velit, [&hellip;]","og_url":"https:\/\/www.bastidedesbourguets.com\/en\/contact\/","og_site_name":"Chambre d&#039;h\u00f4tes Bastide des Bourguets","article_publisher":"https:\/\/www.facebook.com\/bastidedesbourguets","article_modified_time":"2024-01-06T15:01:39+00:00","og_image":[{"width":1200,"height":675,"url":"https:\/\/www.bastidedesbourguets.com\/wp-content\/uploads\/2023\/12\/bastide-gourbets-vue-aerienne.jpg","type":"image\/jpeg"}],"twitter_card":"summary_large_image","twitter_misc":{"Est. reading time":"7 minutes"},"schema":{"@context":"https:\/\/schema.org","@graph":[{"@type":"WebPage","@id":"https:\/\/www.bastidedesbourguets.com\/en\/contact\/","url":"https:\/\/www.bastidedesbourguets.com\/en\/contact\/","name":"Contact | Chambre d&#039;h\u00f4tes Bastide des Bourguets","isPartOf":{"@id":"https:\/\/www.bastidedesbourguets.com\/en\/#website"},"datePublished":"2023-12-11T12:59:38+00:00","dateModified":"2024-01-06T15:01:39+00:00","breadcrumb":{"@id":"https:\/\/www.bastidedesbourguets.com\/en\/contact\/#breadcrumb"},"inLanguage":"en-US","potentialAction":[{"@type":"ReadAction","target":["https:\/\/www.bastidedesbourguets.com\/en\/contact\/"]}]},{"@type":"BreadcrumbList","@id":"https:\/\/www.bastidedesbourguets.com\/en\/contact\/#breadcrumb","itemListElement":[{"@type":"ListItem","position":1,"name":"Accueil","item":"https:\/\/www.bastidedesbourguets.com\/en\/"},{"@type":"ListItem","position":2,"name":"Contact"}]},{"@type":"WebSite","@id":"https:\/\/www.bastidedesbourguets.com\/en\/#website","url":"https:\/\/www.bastidedesbourguets.com\/en\/","name":"Chambre d'h\u00f4tes Bastide des Bourguets","description":"Chambre d&#039;h\u00f4tes entre Luberon et Mont-Ventoux","publisher":{"@id":"https:\/\/www.bastidedesbourguets.com\/en\/#organization"},"alternateName":"Bastide des Bourguets","potentialAction":[{"@type":"SearchAction","target":{"@type":"EntryPoint","urlTemplate":"https:\/\/www.bastidedesbourguets.com\/en\/?s={search_term_string}"},"query-input":{"@type":"PropertyValueSpecification","valueRequired":true,"valueName":"search_term_string"}}],"inLanguage":"en-US"},{"@type":"Organization","@id":"https:\/\/www.bastidedesbourguets.com\/en\/#organization","name":"Bastide des Bourguets","url":"https:\/\/www.bastidedesbourguets.com\/en\/","logo":{"@type":"ImageObject","inLanguage":"en-US","@id":"https:\/\/www.bastidedesbourguets.com\/en\/#\/schema\/logo\/image\/","url":"https:\/\/www.bastidedesbourguets.com\/wp-content\/uploads\/2023\/12\/logo-gris-bastide-des-bourgets.png","contentUrl":"https:\/\/www.bastidedesbourguets.com\/wp-content\/uploads\/2023\/12\/logo-gris-bastide-des-bourgets.png","width":793,"height":252,"caption":"Bastide des Bourguets"},"image":{"@id":"https:\/\/www.bastidedesbourguets.com\/en\/#\/schema\/logo\/image\/"},"sameAs":["https:\/\/www.facebook.com\/bastidedesbourguets","https:\/\/www.instagram.com\/bastidedesbourguets\/?hl=fr"]}]}},"_links":{"self":[{"href":"https:\/\/www.bastidedesbourguets.com\/en\/wp-json\/wp\/v2\/pages\/1514","targetHints":{"allow":["GET"]}}],"collection":[{"href":"https:\/\/www.bastidedesbourguets.com\/en\/wp-json\/wp\/v2\/pages"}],"about":[{"href":"https:\/\/www.bastidedesbourguets.com\/en\/wp-json\/wp\/v2\/types\/page"}],"author":[{"embeddable":true,"href":"https:\/\/www.bastidedesbourguets.com\/en\/wp-json\/wp\/v2\/users\/1"}],"replies":[{"embeddable":true,"href":"https:\/\/www.bastidedesbourguets.com\/en\/wp-json\/wp\/v2\/comments?post=1514"}],"version-history":[{"count":4,"href":"https:\/\/www.bastidedesbourguets.com\/en\/wp-json\/wp\/v2\/pages\/1514\/revisions"}],"predecessor-version":[{"id":1519,"href":"https:\/\/www.bastidedesbourguets.com\/en\/wp-json\/wp\/v2\/pages\/1514\/revisions\/1519"}],"wp:attachment":[{"href":"https:\/\/www.bastidedesbourguets.com\/en\/wp-json\/wp\/v2\/media?parent=1514"}],"curies":[{"name":"wp","href":"https:\/\/api.w.org\/{rel}","templated":true}]}}